{"id":32,"date":"2025-11-11T07:39:15","date_gmt":"2025-11-11T06:39:15","guid":{"rendered":"https:\/\/pourlesouriredalienor.fr\/?page_id=32"},"modified":"2025-11-11T07:39:15","modified_gmt":"2025-11-11T06:39:15","slug":"conditions-generales-dutilisation","status":"publish","type":"page","link":"https:\/\/pourlesouriredalienor.fr\/index.php\/conditions-generales-dutilisation\/","title":{"rendered":"Conditions G\u00e9n\u00e9rales d&rsquo;Utilisation"},"content":{"rendered":"\n<p><strong>1. Objet<\/strong><br>Ce site a pour but d\u2019informer sur les activit\u00e9s de l\u2019association <strong><em>Pour le sourire d&rsquo;Ali\u00e9nor<\/em><\/strong>. L\u2019utilisateur s\u2019engage \u00e0 ne pas perturber son fonctionnement.<\/p>\n\n\n\n<p><strong>2. Responsabilit\u00e9s<\/strong><br>L\u2019association d\u00e9cline toute responsabilit\u00e9 en cas d\u2019interruption du service ou de dommage li\u00e9 \u00e0 l\u2019utilisation du site.<\/p>\n\n\n\n<p><strong>3. Liens externes<\/strong><br>Les liens vers d\u2019autres sites (ex : Facebook, Instagram) sont fournis \u00e0 titre indicatif. L\u2019association n\u2019est pas responsable de leur contenu.<\/p>\n\n\n\n<p><strong>4. Modifications<\/strong><br>Les pr\u00e9sentes CGU peuvent \u00eatre modifi\u00e9es \u00e0 tout moment. La derni\u00e8re version fera foi.<\/p>\n\n\n\n<p><\/p>\n\n\n\n<p class=\"has-text-align-right\"><em>CGU mises \u00e0 jour le 11\/11\/2025<\/em><\/p>\n\n\n\n<p><\/p>\n","protected":false},"excerpt":{"rendered":"<p>1. ObjetCe site a pour but d\u2019informer sur les activit\u00e9s de l\u2019association Pour le sourire d&rsquo;Ali\u00e9nor. L\u2019utilisateur s\u2019engage \u00e0 ne pas perturber son fonctionnement. 2. Responsabilit\u00e9sL\u2019association d\u00e9cline toute responsabilit\u00e9 en cas d\u2019interruption du service ou de dommage li\u00e9 \u00e0 l\u2019utilisation du site. 3. Liens externesLes liens vers d\u2019autres sites (ex : Facebook, Instagram) sont fournis [&hellip;]<\/p>\n","protected":false},"author":1,"featured_media":0,"parent":0,"menu_order":0,"comment_status":"closed","ping_status":"closed","template":"","meta":{"footnotes":""},"class_list":["post-32","page","type-page","status-publish","hentry"],"_links":{"self":[{"href":"https:\/\/pourlesouriredalienor.fr\/index.php\/wp-json\/wp\/v2\/pages\/32","targetHints":{"allow":["GET"]}}],"collection":[{"href":"https:\/\/pourlesouriredalienor.fr\/index.php\/wp-json\/wp\/v2\/pages"}],"about":[{"href":"https:\/\/pourlesouriredalienor.fr\/index.php\/wp-json\/wp\/v2\/types\/page"}],"author":[{"embeddable":true,"href":"https:\/\/pourlesouriredalienor.fr\/index.php\/wp-json\/wp\/v2\/users\/1"}],"replies":[{"embeddable":true,"href":"https:\/\/pourlesouriredalienor.fr\/index.php\/wp-json\/wp\/v2\/comments?post=32"}],"version-history":[{"count":1,"href":"https:\/\/pourlesouriredalienor.fr\/index.php\/wp-json\/wp\/v2\/pages\/32\/revisions"}],"predecessor-version":[{"id":33,"href":"https:\/\/pourlesouriredalienor.fr\/index.php\/wp-json\/wp\/v2\/pages\/32\/revisions\/33"}],"wp:attachment":[{"href":"https:\/\/pourlesouriredalienor.fr\/index.php\/wp-json\/wp\/v2\/media?parent=32"}],"curies":[{"name":"wp","href":"https:\/\/api.w.org\/{rel}","templated":true}]}}