{"id":3,"date":"2025-09-17T11:52:41","date_gmt":"2025-09-17T11:52:41","guid":{"rendered":"http:\/\/pourlesouriredalienor.fr\/?page_id=3"},"modified":"2025-11-11T07:23:22","modified_gmt":"2025-11-11T06:23:22","slug":"privacy-policy","status":"publish","type":"page","link":"https:\/\/pourlesouriredalienor.fr\/index.php\/privacy-policy\/","title":{"rendered":"Politique de confidentialit\u00e9"},"content":{"rendered":"\n<p><strong>1. Collecte des donn\u00e9es<\/strong><br>Ce site utilise des cookies strictement n\u00e9cessaires au fonctionnement de WordPress (ex : connexion \u00e0 l\u2019espace administrateur). Aucun cookie tiers n\u2019est d\u00e9pos\u00e9 \u00e0 ce jour, sauf si vous utilisez des boutons de partage vers Facebook\/Instagram (\u00e0 venir).<\/p>\n\n\n\n<p><strong>2. Donn\u00e9es personnelles<\/strong><br>Les donn\u00e9es collect\u00e9es via les commentaires ou formulaires (le cas \u00e9ch\u00e9ant) sont destin\u00e9es uniquement \u00e0 l\u2019association et ne seront ni c\u00e9d\u00e9es ni vendues. Vous disposez d\u2019un droit d\u2019acc\u00e8s, de rectification et de suppression de vos donn\u00e9es (contact : <a href=\"mailto:webmaster@pourlesouriredalienor.fr\">webmaster@pourlesouriredalienor.fr<\/a>).<\/p>\n\n\n\n<p><strong>3. Cookies<\/strong><br>Un bandeau de consentement s\u2019affichera si des cookies tiers (r\u00e9seaux sociaux, analytics) sont ajout\u00e9s ult\u00e9rieurement. Vous pourrez les accepter ou refuser.<\/p>\n\n\n\n<p><strong>4. Dur\u00e9e de conservation<\/strong><br>Les donn\u00e9es sont conserv\u00e9es pour la dur\u00e9e n\u00e9cessaire \u00e0 la r\u00e9alisation des finalit\u00e9s pour lesquelles elles sont collect\u00e9es.<\/p>\n\n\n\n<p><strong>5. Contact RGPD<\/strong><br>Pour toute question : <a href=\"mailto:webmaster@pourlesouriredalienor.fr\">webmaster@pourlesouriredalienor.fr<\/a>.<\/p>\n","protected":false},"excerpt":{"rendered":"<p>1. Collecte des donn\u00e9esCe site utilise des cookies strictement n\u00e9cessaires au fonctionnement de WordPress (ex : connexion \u00e0 l\u2019espace administrateur). Aucun cookie tiers n\u2019est d\u00e9pos\u00e9 \u00e0 ce jour, sauf si vous utilisez des boutons de partage vers Facebook\/Instagram (\u00e0 venir). 2. Donn\u00e9es personnellesLes donn\u00e9es collect\u00e9es via les commentaires ou formulaires (le cas \u00e9ch\u00e9ant) sont destin\u00e9es [&hellip;]<\/p>\n","protected":false},"author":1,"featured_media":0,"parent":0,"menu_order":0,"comment_status":"closed","ping_status":"open","template":"","meta":{"footnotes":""},"class_list":["post-3","page","type-page","status-publish","hentry"],"_links":{"self":[{"href":"https:\/\/pourlesouriredalienor.fr\/index.php\/wp-json\/wp\/v2\/pages\/3","targetHints":{"allow":["GET"]}}],"collection":[{"href":"https:\/\/pourlesouriredalienor.fr\/index.php\/wp-json\/wp\/v2\/pages"}],"about":[{"href":"https:\/\/pourlesouriredalienor.fr\/index.php\/wp-json\/wp\/v2\/types\/page"}],"author":[{"embeddable":true,"href":"https:\/\/pourlesouriredalienor.fr\/index.php\/wp-json\/wp\/v2\/users\/1"}],"replies":[{"embeddable":true,"href":"https:\/\/pourlesouriredalienor.fr\/index.php\/wp-json\/wp\/v2\/comments?post=3"}],"version-history":[{"count":2,"href":"https:\/\/pourlesouriredalienor.fr\/index.php\/wp-json\/wp\/v2\/pages\/3\/revisions"}],"predecessor-version":[{"id":28,"href":"https:\/\/pourlesouriredalienor.fr\/index.php\/wp-json\/wp\/v2\/pages\/3\/revisions\/28"}],"wp:attachment":[{"href":"https:\/\/pourlesouriredalienor.fr\/index.php\/wp-json\/wp\/v2\/media?parent=3"}],"curies":[{"name":"wp","href":"https:\/\/api.w.org\/{rel}","templated":true}]}}