{"id":29,"date":"2025-11-11T07:35:58","date_gmt":"2025-11-11T06:35:58","guid":{"rendered":"https:\/\/pourlesouriredalienor.fr\/?page_id=29"},"modified":"2025-11-11T07:35:58","modified_gmt":"2025-11-11T06:35:58","slug":"mentions-legales","status":"publish","type":"page","link":"https:\/\/pourlesouriredalienor.fr\/index.php\/mentions-legales\/","title":{"rendered":"Mentions l\u00e9gales"},"content":{"rendered":"\n<p><strong>Association POUR LE SOURIRE D\u2019ALI\u00c9NOR<\/strong><br>Si\u00e8ge social : 23, chemin des Fonts, 69110 Sainte-Foy-l\u00e8s-Lyon<br>Num\u00e9ro RNA : W691110537<\/p>\n\n\n\n<p><strong>Responsable de la publication :<\/strong><br>Luc TERROLLE (Secr\u00e9taire adjoint)<br>Contact : <a href=\"mailto:webmaster@pourlesouriredalienor.fr\">webmaster@pourlesouriredalienor.fr<\/a><\/p>\n\n\n\n<p><strong>H\u00e9bergement du site :<\/strong><br>OVH<br>Si\u00e8ge social : 2 rue Kellermann, 59100 Roubaix, France<br>Site web : <a href=\"https:\/\/www.ovh.com\">www.ovh.com<\/a><\/p>\n\n\n\n<p><strong>Cr\u00e9dits :<\/strong><br>Le site de l\u2019association <strong>Pour le sourire d&rsquo;Ali\u00e9nor<\/strong> a \u00e9t\u00e9 con\u00e7u et est g\u00e9r\u00e9 par ses membres b\u00e9n\u00e9voles.<br><br><strong><em>Outils utilis\u00e9s :<\/em><\/strong><br>&#8211; Cr\u00e9ation des visuels : <a href=\"https:\/\/www.canva.com\">Canva<\/a><br>&#8211; Syst\u00e8me de gestion de contenu : WordPress<br><br><strong><em>Contenu :<\/em><\/strong><br>&#8211; Toutes les photographies publi\u00e9es sur ce site sont la propri\u00e9t\u00e9 exclusive de l\u2019association <strong>Pour le sourire d&rsquo;Ali\u00e9nor<\/strong>, sauf indication contraire.<br>&#8211; Les visuels graphiques (affiches, banni\u00e8res, etc.) ont \u00e9t\u00e9 cr\u00e9\u00e9s \u00e0 l\u2019aide de l\u2019outil <strong>Canva<\/strong>, conform\u00e9ment \u00e0 sa licence d\u2019utilisation.<br>&#8211; Aucune image ou m\u00e9dia tiers n\u2019est utilis\u00e9 sans autorisation.<br><br><strong>Propri\u00e9t\u00e9 intellectuelle :<\/strong><br>L\u2019ensemble du contenu de ce site (textes, images, logos) est prot\u00e9g\u00e9 par les lois fran\u00e7aises et internationales sur la propri\u00e9t\u00e9 intellectuelle. Toute reproduction ou repr\u00e9sentation int\u00e9grale ou partielle, sans autorisation expresse, est interdite.<\/p>\n\n\n\n<p><\/p>\n","protected":false},"excerpt":{"rendered":"<p>Association POUR LE SOURIRE D\u2019ALI\u00c9NORSi\u00e8ge social : 23, chemin des Fonts, 69110 Sainte-Foy-l\u00e8s-LyonNum\u00e9ro RNA : W691110537 Responsable de la publication :Luc TERROLLE (Secr\u00e9taire adjoint)Contact : webmaster@pourlesouriredalienor.fr H\u00e9bergement du site :OVHSi\u00e8ge social : 2 rue Kellermann, 59100 Roubaix, FranceSite web : www.ovh.com Cr\u00e9dits :Le site de l\u2019association Pour le sourire d&rsquo;Ali\u00e9nor a \u00e9t\u00e9 con\u00e7u et est [&hellip;]<\/p>\n","protected":false},"author":1,"featured_media":0,"parent":0,"menu_order":0,"comment_status":"closed","ping_status":"closed","template":"","meta":{"footnotes":""},"class_list":["post-29","page","type-page","status-publish","hentry"],"_links":{"self":[{"href":"https:\/\/pourlesouriredalienor.fr\/index.php\/wp-json\/wp\/v2\/pages\/29","targetHints":{"allow":["GET"]}}],"collection":[{"href":"https:\/\/pourlesouriredalienor.fr\/index.php\/wp-json\/wp\/v2\/pages"}],"about":[{"href":"https:\/\/pourlesouriredalienor.fr\/index.php\/wp-json\/wp\/v2\/types\/page"}],"author":[{"embeddable":true,"href":"https:\/\/pourlesouriredalienor.fr\/index.php\/wp-json\/wp\/v2\/users\/1"}],"replies":[{"embeddable":true,"href":"https:\/\/pourlesouriredalienor.fr\/index.php\/wp-json\/wp\/v2\/comments?post=29"}],"version-history":[{"count":2,"href":"https:\/\/pourlesouriredalienor.fr\/index.php\/wp-json\/wp\/v2\/pages\/29\/revisions"}],"predecessor-version":[{"id":31,"href":"https:\/\/pourlesouriredalienor.fr\/index.php\/wp-json\/wp\/v2\/pages\/29\/revisions\/31"}],"wp:attachment":[{"href":"https:\/\/pourlesouriredalienor.fr\/index.php\/wp-json\/wp\/v2\/media?parent=29"}],"curies":[{"name":"wp","href":"https:\/\/api.w.org\/{rel}","templated":true}]}}